{"id":71,"date":"2023-12-19T19:47:28","date_gmt":"2023-12-19T19:47:28","guid":{"rendered":"https:\/\/demo.artureanec.com\/themes\/neuros\/?page_id=71"},"modified":"2025-08-06T13:23:03","modified_gmt":"2025-08-06T11:23:03","slug":"impressum","status":"publish","type":"page","link":"https:\/\/doings.de\/de\/impressum\/","title":{"rendered":"Impressum"},"content":{"rendered":"<div data-elementor-type=\"wp-page\" data-elementor-id=\"71\" class=\"elementor elementor-71\">\n\t\t\t\t\t\t<section class=\"elementor-section elementor-top-section elementor-element elementor-element-40c8888 elementor-section-boxed elementor-section-height-default elementor-section-height-default\" data-id=\"40c8888\" data-element_type=\"section\">\n\t\t\t\t\t\t<div class=\"elementor-container elementor-column-gap-wide\">\n\t\t\t\t\t<div class=\"elementor-column elementor-col-50 elementor-top-column elementor-element elementor-element-a605110\" data-id=\"a605110\" data-element_type=\"column\">\n\t\t\t<div class=\"elementor-widget-wrap elementor-element-populated\">\n\t\t\t\t\t\t<section class=\"elementor-section elementor-inner-section elementor-element elementor-element-b92429e elementor-section-boxed elementor-section-height-default elementor-section-height-default\" data-id=\"b92429e\" data-element_type=\"section\">\n\t\t\t\t\t\t<div class=\"elementor-container elementor-column-gap-default\">\n\t\t\t\t\t<div class=\"elementor-column elementor-col-100 elementor-inner-column elementor-element elementor-element-6768e4c\" data-id=\"6768e4c\" data-element_type=\"column\">\n\t\t\t<div class=\"elementor-widget-wrap elementor-element-populated\">\n\t\t\t\t\t\t<div class=\"elementor-element elementor-element-510cbba elementor-widget elementor-widget-neuros_heading\" data-id=\"510cbba\" data-element_type=\"widget\" data-widget_type=\"neuros_heading.default\">\n\t\t\t\t<div class=\"elementor-widget-container\">\n\t\t\t\t\t<div class=\"neuros-heading-widget\"><h2 class=\"neuros-heading\"><span class=\"neuros-subheading\">get in touch<\/span><span class=\"neuros-heading-content has_gradient_color_text\"><span style=\"font-weight: 400\">Impressum<\/span><\/span><\/h2><\/div>\t\t\t\t<\/div>\n\t\t\t\t<\/div>\n\t\t\t\t<div class=\"elementor-element elementor-element-b657955 elementor-widget elementor-widget-text-editor\" data-id=\"b657955\" data-element_type=\"widget\" data-widget_type=\"text-editor.default\">\n\t\t\t\t<div class=\"elementor-widget-container\">\n\t\t\t\t\t\t\t\t\t<p><span style=\"font-weight: 400;\">doings Software GmbH<\/span><\/p><p><span style=\"font-weight: 400;\">Die GmbH wird vertreten durch ihre Gesch\u00e4ftsf\u00fchrer: <\/span><span style=\"font-weight: 400;\">Andreas Sch\u00e4fer und Johannes Ottmann<\/span><\/p><p><span style=\"font-weight: 400;\">Eingetragen im Handelsregister des Amtsgericht Berlin (Charlottenburg) unter der: HRB\u00a0<\/span><span style=\"font-weight: 600; letter-spacing: 0em;\">256574 B<\/span><\/p><p>Internetauftritt der doings Software GmbH:<br \/>www.doings.de<br \/>www.doings.ai<\/p><p>E-Mail: support@doings.ai<\/p><p>Teamfotos erstellt von Brit Beneke &#8211; www.britibay.de<\/p><p><!-- notionvc: 865bd233-0c92-49f2-88c9-8832187994e3 --><\/p>\t\t\t\t\t\t\t\t<\/div>\n\t\t\t\t<\/div>\n\t\t\t\t\t<\/div>\n\t\t<\/div>\n\t\t\t\t\t<\/div>\n\t\t<\/section>\n\t\t\t\t\t<\/div>\n\t\t<\/div>\n\t\t\t\t<div class=\"elementor-column elementor-col-50 elementor-top-column elementor-element elementor-element-00b203a\" data-id=\"00b203a\" data-element_type=\"column\" data-settings=\"{&quot;background_background&quot;:&quot;classic&quot;}\">\n\t\t\t<div class=\"elementor-widget-wrap elementor-element-populated\">\n\t\t\t\t\t\t<div class=\"elementor-element elementor-element-ca5cd5a elementor-widget elementor-widget-text-editor\" data-id=\"ca5cd5a\" data-element_type=\"widget\" data-widget_type=\"text-editor.default\">\n\t\t\t\t<div class=\"elementor-widget-container\">\n\t\t\t\t\t\t\t\t\t<h4><b>Streitbeilegung<\/b><\/h4><h5><b>Hinweis auf EU-Streitbeilegung<\/b><\/h5><p><span style=\"font-weight: 400;\">Die Europ\u00e4ische Kommission stellt unter dem nachfolgenden Link eine Plattform zur Online-Streitbeilegung (OS) bereit: <\/span><a href=\"http:\/\/ec.europa.eu\/consumers\/odr\"><span style=\"font-weight: 400;\">http:\/\/ec.europa.eu\/consumers\/odr<\/span><\/a><\/p><p><span style=\"font-weight: 400;\">Unsere E-Mail-Adresse lautet: support@doings.de<\/span><\/p><h5><b>Hinweis gem\u00e4\u00df \u00a7 36 Verbraucherstreitbeilegungsgesetz (VSBG)<\/b><\/h5><p><span style=\"font-weight: 400;\">Wir schlie\u00dfen die Teilnahme an einem Streitbeilegungsverfahren vor einer Verbraucherschlichtungsstelle im Sinne des Verbraucherstreitbeilegungsgesetzes (VSBG) aus und haben uns dazu entschieden, nicht an einem solchen Streitbeilegungsverfahren teilzunehmen; zur Teilnahme an einem solchen Streitbeilegungsverfahren sind wir auch nicht verpflichtet.<\/span><\/p><h5><b>Haftung f\u00fcr Inhalte<\/b><\/h5><p><span style=\"font-weight: 400;\">Als Diensteanbieter sind wir gem\u00e4\u00df \u00a7 7 Abs. 1 TMG f\u00fcr eigene Inhalte auf diesen Seiten nach den allgemeinen Gesetzen verantwortlich. Nach \u00a7\u00a7 8 bis 10 TMG sind wir als Diensteanbieter jedoch nicht verpflichtet, \u00fcbermittelte oder gespeicherte fremde Informationen zu \u00fcberwachen oder nach Umst\u00e4nden zu forschen, die auf eine rechtswidrige T\u00e4tigkeit hinweisen.<\/span><\/p><p><span style=\"font-weight: 400;\">Verpflichtungen zur Entfernung oder Sperrung der Nutzung von Informationen nach den allgemeinen Gesetzen bleiben hiervon unber\u00fchrt. Eine diesbez\u00fcgliche Haftung ist jedoch erst ab dem Zeitpunkt der Kenntnis einer konkreten Rechtsverletzung m\u00f6glich. Bei Bekanntwerden von entsprechenden Rechtsverletzungen werden wir diese Inhalte umgehend entfernen.<\/span><\/p><h5><b>Haftung f\u00fcr Links<\/b><\/h5><p><span style=\"font-weight: 400;\">Unser Angebot kann Links zu externen Webseiten Dritter enthalten, auf deren Inhalte wir keinen Einfluss haben. Deshalb k\u00f6nnen wir f\u00fcr die Aktualit\u00e4t, Richtigkeit und Vollst\u00e4ndigkeit dieser fremden Inhalte grunds\u00e4tzlich keine Gew\u00e4hr \u00fcbernehmen.<\/span><\/p><h5><b>Geistiges Eigentum; Copyright<\/b><\/h5><p><span style=\"font-weight: 400;\">Alle Rechte vorbehalten. Alle Texte, Bilder, Graphiken, Ton-, Video- oder Animationsdateien auf unserer Website unterliegen in der Regel dem Urheberrecht und\/oder anderen Gesetzen zum Schutz des geistigen Eigentums. Die Vervielf\u00e4ltigung, Bearbeitung, Verbreitung und jede andere Art der Nutzung und Verwertung f\u00fcr gesch\u00e4ftliche Zwecke ist grunds\u00e4tzlich unzul\u00e4ssig, es sei denn es liegt die vorherige schriftliche Zustimmung der doings Software GmbH vor.<\/span><\/p>\t\t\t\t\t\t\t\t<\/div>\n\t\t\t\t<\/div>\n\t\t\t\t\t<\/div>\n\t\t<\/div>\n\t\t\t\t\t<\/div>\n\t\t<\/section>\n\t\t<div class=\"elementor-element elementor-element-20cb51a e-flex e-con-boxed e-con e-parent\" data-id=\"20cb51a\" data-element_type=\"container\">\n\t\t\t\t\t<div class=\"e-con-inner\">\n\t\t\t\t<div class=\"elementor-element elementor-element-518a03b elementor-widget elementor-widget-spacer\" data-id=\"518a03b\" data-element_type=\"widget\" data-widget_type=\"spacer.default\">\n\t\t\t\t<div class=\"elementor-widget-container\">\n\t\t\t\t\t\t\t<div class=\"elementor-spacer\">\n\t\t\t<div class=\"elementor-spacer-inner\"><\/div>\n\t\t<\/div>\n\t\t\t\t\t\t<\/div>\n\t\t\t\t<\/div>\n\t\t\t\t\t<\/div>\n\t\t\t\t<\/div>\n\t\t\t\t<\/div>","protected":false},"excerpt":{"rendered":"<p>doings Software GmbH Die GmbH wird vertreten durch ihre Gesch\u00e4ftsf\u00fchrer: Andreas Sch\u00e4fer und Johannes Ottmann Eingetragen im Handelsregister des Amtsgericht Berlin (Charlottenburg) unter der: HRB\u00a0256574 B Internetauftritt der doings Software GmbH:www.doings.dewww.doings.ai E-Mail: support@doings.ai Teamfotos erstellt von Brit Beneke &#8211; www.britibay.de Streitbeilegung&#8230;<\/p>","protected":false},"author":3,"featured_media":0,"parent":0,"menu_order":0,"comment_status":"closed","ping_status":"closed","template":"","meta":{"_monsterinsights_skip_tracking":false,"_monsterinsights_sitenote_active":false,"_monsterinsights_sitenote_note":"","_monsterinsights_sitenote_category":0,"footnotes":""},"class_list":["post-71","page","type-page","status-publish","hentry"],"aioseo_notices":[],"_links":{"self":[{"href":"https:\/\/doings.de\/de\/wp-json\/wp\/v2\/pages\/71","targetHints":{"allow":["GET"]}}],"collection":[{"href":"https:\/\/doings.de\/de\/wp-json\/wp\/v2\/pages"}],"about":[{"href":"https:\/\/doings.de\/de\/wp-json\/wp\/v2\/types\/page"}],"author":[{"embeddable":true,"href":"https:\/\/doings.de\/de\/wp-json\/wp\/v2\/users\/3"}],"replies":[{"embeddable":true,"href":"https:\/\/doings.de\/de\/wp-json\/wp\/v2\/comments?post=71"}],"version-history":[{"count":47,"href":"https:\/\/doings.de\/de\/wp-json\/wp\/v2\/pages\/71\/revisions"}],"predecessor-version":[{"id":21499,"href":"https:\/\/doings.de\/de\/wp-json\/wp\/v2\/pages\/71\/revisions\/21499"}],"wp:attachment":[{"href":"https:\/\/doings.de\/de\/wp-json\/wp\/v2\/media?parent=71"}],"curies":[{"name":"wp","href":"https:\/\/api.w.org\/{rel}","templated":true}]}}